{"id":5228,"date":"2018-04-20T07:22:02","date_gmt":"2018-04-20T05:22:02","guid":{"rendered":"https:\/\/www.haircode.eu\/price-list\/"},"modified":"2023-10-04T10:45:41","modified_gmt":"2023-10-04T08:45:41","slug":"pricelist","status":"publish","type":"page","link":"https:\/\/www.haircode.eu\/en\/pricelist\/","title":{"rendered":"Price list"},"content":{"rendered":"<p>[vc_section el_id=&#8221;hajvagas&#8221;][vc_row row_content_width=&#8221;grid&#8221;][vc_column][vc_separator color=&#8221;black&#8221; border_width=&#8221;3&#8243; css=&#8221;.vc_custom_1696404018622{padding-top: 10px !important;padding-bottom: 10px !important;}&#8221;]<div class=\"mkdf-section-title-holder  mkdf-dark mkdf-st-standard mkdf-st-title-left mkdf-st-normal-space \" style=\"text-align: left\">\n    <div class=\"mkdf-st-inner\">\n\n        \n                    <h3 class=\"mkdf-st-title\">\n            HAJV\u00c1G\u00c1S \/\/ CUT            <\/h3>\n        \n                    <p class=\"mkdf-st-text\">\n            +MOS\u00c1S + SZ\u00c1R\u00cdT\u00c1S \/\/ +WASH + BLOW DRY            <\/p>\n        \n    <\/div>\n<\/div>[vc_separator color=&#8221;black&#8221; border_width=&#8221;3&#8243; css=&#8221;.vc_custom_1696399670884{padding-top: 10px !important;}&#8221;][vc_raw_html]JTVCdGFibGUlMjBpZCUzRGhhanZhZ2FzJTIwJTJGJTVE[\/vc_raw_html][\/vc_column][\/vc_row][\/vc_section][vc_section el_id=&#8221;szaritas&#8221;][vc_row row_content_width=&#8221;grid&#8221;][vc_column][vc_separator color=&#8221;black&#8221; border_width=&#8221;3&#8243; css=&#8221;.vc_custom_1696404030803{padding-top: 10px !important;padding-bottom: 10px !important;}&#8221;]<div class=\"mkdf-section-title-holder  mkdf-dark mkdf-st-standard mkdf-st-title-left mkdf-st-normal-space \" style=\"text-align: left\">\n    <div class=\"mkdf-st-inner\">\n\n        \n                    <h3 class=\"mkdf-st-title\">\n            FEST\u00c9S \/\/ COLOURING            <\/h3>\n        \n        \n    <\/div>\n<\/div>[vc_separator color=&#8221;black&#8221; border_width=&#8221;3&#8243; css=&#8221;.vc_custom_1696399670884{padding-top: 10px !important;}&#8221;][vc_raw_html]JTVCdGFibGUlMjBpZCUzRGZlc3RlcyUyMCUyRiU1RA==[\/vc_raw_html][\/vc_column][\/vc_row][\/vc_section][vc_section el_id=&#8221;festes&#8221;][vc_row row_content_width=&#8221;grid&#8221;][vc_column][vc_separator color=&#8221;black&#8221; border_width=&#8221;3&#8243; css=&#8221;.vc_custom_1696404030803{padding-top: 10px !important;padding-bottom: 10px !important;}&#8221;]<div class=\"mkdf-section-title-holder  mkdf-dark mkdf-st-standard mkdf-st-title-left mkdf-st-normal-space \" style=\"text-align: left\">\n    <div class=\"mkdf-st-inner\">\n\n        \n                    <h3 class=\"mkdf-st-title\">\n            SZ\u00c1R\u00cdT\u00c1S \/\/ BLOW DRY            <\/h3>\n        \n        \n    <\/div>\n<\/div>[vc_separator color=&#8221;black&#8221; border_width=&#8221;3&#8243; css=&#8221;.vc_custom_1696399670884{padding-top: 10px !important;}&#8221;][vc_raw_html]JTVCdGFibGUlMjBpZCUzRHN6YXJpdGFzJTIwJTJGJTVE[\/vc_raw_html][\/vc_column][\/vc_row][\/vc_section][vc_section][vc_row row_content_width=&#8221;grid&#8221;][vc_column][vc_separator color=&#8221;black&#8221; border_width=&#8221;3&#8243; css=&#8221;.vc_custom_1696404030803{padding-top: 10px !important;padding-bottom: 10px !important;}&#8221;]<div class=\"mkdf-section-title-holder  mkdf-dark mkdf-st-standard mkdf-st-title-left mkdf-st-normal-space \" style=\"text-align: left\">\n    <div class=\"mkdf-st-inner\">\n\n        \n                    <h3 class=\"mkdf-st-title\">\n            SZ\u0150K\u00cdT\u00c9S \/\/ BLEANCHING            <\/h3>\n        \n        \n    <\/div>\n<\/div>[vc_separator color=&#8221;black&#8221; border_width=&#8221;3&#8243; css=&#8221;.vc_custom_1696399670884{padding-top: 10px !important;}&#8221;][vc_raw_html]JTVCdGFibGUlMjBpZCUzRHN6b2tpdGVzJTIwJTJGJTVE[\/vc_raw_html][\/vc_column][\/vc_row][\/vc_section][vc_section][vc_row row_content_width=&#8221;grid&#8221;][vc_column][vc_separator color=&#8221;black&#8221; border_width=&#8221;3&#8243; css=&#8221;.vc_custom_1696404030803{padding-top: 10px !important;padding-bottom: 10px !important;}&#8221;]<div class=\"mkdf-section-title-holder  mkdf-dark mkdf-st-standard mkdf-st-title-left mkdf-st-normal-space \" style=\"text-align: left\">\n    <div class=\"mkdf-st-inner\">\n\n        \n                    <h3 class=\"mkdf-st-title\">\n            MEL\u00cdR \/\/ HIGH LIGHTS            <\/h3>\n        \n        \n    <\/div>\n<\/div>[vc_separator color=&#8221;black&#8221; border_width=&#8221;3&#8243; css=&#8221;.vc_custom_1696399670884{padding-top: 10px !important;}&#8221;][vc_raw_html]JTVCdGFibGUlMjBpZCUzRG1lbGlyJTIwJTJGJTVE[\/vc_raw_html][\/vc_column][\/vc_row][\/vc_section][vc_section][vc_row row_content_width=&#8221;grid&#8221;][vc_column][vc_separator color=&#8221;black&#8221; border_width=&#8221;3&#8243; css=&#8221;.vc_custom_1696404030803{padding-top: 10px !important;padding-bottom: 10px !important;}&#8221;]<div class=\"mkdf-section-title-holder  mkdf-dark mkdf-st-standard mkdf-st-title-left mkdf-st-normal-space \" style=\"text-align: left\">\n    <div class=\"mkdf-st-inner\">\n\n        \n                    <h3 class=\"mkdf-st-title\">\n            BALAYAGE            <\/h3>\n        \n        \n    <\/div>\n<\/div>[vc_separator color=&#8221;black&#8221; border_width=&#8221;3&#8243; css=&#8221;.vc_custom_1696399670884{padding-top: 10px !important;}&#8221;][vc_raw_html]JTVCdGFibGUlMjBpZCUzRGJhbGF5YWdlJTIwJTJGJTVE[\/vc_raw_html][\/vc_column][\/vc_row][\/vc_section][vc_section el_id=&#8221;alkalmi&#8221;][vc_row row_content_width=&#8221;grid&#8221;][vc_column][vc_separator color=&#8221;black&#8221; border_width=&#8221;3&#8243; css=&#8221;.vc_custom_1696404030803{padding-top: 10px !important;padding-bottom: 10px !important;}&#8221;]<div class=\"mkdf-section-title-holder  mkdf-dark mkdf-st-standard mkdf-st-title-left mkdf-st-normal-space \" style=\"text-align: left\">\n    <div class=\"mkdf-st-inner\">\n\n        \n                    <h3 class=\"mkdf-st-title\">\n            ALKALMI FRIZURA \/\/ CASUAL            <\/h3>\n        \n        \n    <\/div>\n<\/div>[vc_separator color=&#8221;black&#8221; border_width=&#8221;3&#8243; css=&#8221;.vc_custom_1696399670884{padding-top: 10px !important;}&#8221;][vc_raw_html]JTVCdGFibGUlMjBpZCUzRGFsa2FsbWklMjAlMkYlNUQ=[\/vc_raw_html][\/vc_column][\/vc_row][\/vc_section][vc_section el_id=&#8221;dauer&#8221;][vc_row row_content_width=&#8221;grid&#8221;][vc_column][vc_separator color=&#8221;black&#8221; border_width=&#8221;3&#8243; css=&#8221;.vc_custom_1696404030803{padding-top: 10px !important;padding-bottom: 10px !important;}&#8221;]<div class=\"mkdf-section-title-holder  mkdf-dark mkdf-st-standard mkdf-st-title-left mkdf-st-normal-space \" style=\"text-align: left\">\n    <div class=\"mkdf-st-inner\">\n\n        \n                    <h3 class=\"mkdf-st-title\">\n            DAUER \/\/ PERM            <\/h3>\n        \n        \n    <\/div>\n<\/div>[vc_raw_html]JTVCdGFibGUlMjBpZCUzRGRhdWVyJTIwJTJGJTVE[\/vc_raw_html][\/vc_column][\/vc_row][\/vc_section][vc_section el_id=&#8221;miracle&#8221;][vc_row row_content_width=&#8221;grid&#8221;][vc_column][vc_separator color=&#8221;black&#8221; border_width=&#8221;3&#8243; css=&#8221;.vc_custom_1696404030803{padding-top: 10px !important;padding-bottom: 10px !important;}&#8221;]<div class=\"mkdf-section-title-holder  mkdf-dark mkdf-st-standard mkdf-st-title-left mkdf-st-normal-space \" style=\"text-align: left\">\n    <div class=\"mkdf-st-inner\">\n\n        \n                    <h3 class=\"mkdf-st-title\">\n            MIRACLE TREATMENTS \/ 15 MIN            <\/h3>\n        \n        \n    <\/div>\n<\/div>[vc_raw_html]JTVCdGFibGUlMjBpZCUzRG1pcmFjbGUlMjAlMkYlNUQ=[\/vc_raw_html][\/vc_column][\/vc_row][\/vc_section][vc_section el_id=&#8221;k18&#8243;][vc_row row_content_width=&#8221;grid&#8221;][vc_column][vc_separator color=&#8221;black&#8221; border_width=&#8221;3&#8243; css=&#8221;.vc_custom_1696404030803{padding-top: 10px !important;padding-bottom: 10px !important;}&#8221;]<div class=\"mkdf-section-title-holder  mkdf-dark mkdf-st-standard mkdf-st-title-left mkdf-st-normal-space \" style=\"text-align: left\">\n    <div class=\"mkdf-st-inner\">\n\n        \n                    <h3 class=\"mkdf-st-title\">\n            K18 KEZEL\u00c9S \/\/ K18 TREATMENTS            <\/h3>\n        \n        \n    <\/div>\n<\/div>[vc_raw_html]JTVCdGFibGUlMjBpZCUzRGsxOCUyMCUyRiU1RA==[\/vc_raw_html][\/vc_column][\/vc_row][\/vc_section][vc_section el_id=&#8221;fonas&#8221;][vc_row row_content_width=&#8221;grid&#8221;][vc_column][vc_separator color=&#8221;black&#8221; border_width=&#8221;3&#8243; css=&#8221;.vc_custom_1696404030803{padding-top: 10px !important;padding-bottom: 10px !important;}&#8221;]<div class=\"mkdf-section-title-holder  mkdf-dark mkdf-st-standard mkdf-st-title-left mkdf-st-normal-space \" style=\"text-align: left\">\n    <div class=\"mkdf-st-inner\">\n\n        \n                    <h3 class=\"mkdf-st-title\">\n            FON\u00c1S \/ P\u00d3THAJ N\u00c9LK\u00dcL \/\/ BRAIDS            <\/h3>\n        \n        \n    <\/div>\n<\/div>[vc_raw_html]JTVCdGFibGUlMjBpZCUzRGZvbmFzJTIwJTJGJTVE[\/vc_raw_html][\/vc_column][\/vc_row][\/vc_section]<\/p>\n","protected":false},"excerpt":{"rendered":"<p>[vc_section el_id=&#8221;hajvagas&#8221;][vc_row row_content_width=&#8221;grid&#8221;][vc_column][vc_separator color=&#8221;black&#8221; border_width=&#8221;3&#8243; css=&#8221;.vc_custom_1696404018622{padding-top: 10px !important;padding-bottom: 10px !important;}&#8221;][vc_separator color=&#8221;black&#8221; border_width=&#8221;3&#8243; css=&#8221;.vc_custom_1696399670884{padding-top: 10px !important;}&#8221;][vc_raw_html]JTVCdGFibGUlMjBpZCUzRGhhanZhZ2FzJTIwJTJGJTVE[\/vc_raw_html][\/vc_column][\/vc_row][\/vc_section][vc_section el_id=&#8221;szaritas&#8221;][vc_row row_content_width=&#8221;grid&#8221;][vc_column][vc_separator color=&#8221;black&#8221; border_width=&#8221;3&#8243; css=&#8221;.vc_custom_1696404030803{padding-top: 10px !important;padding-bottom: 10px !important;}&#8221;][vc_separator color=&#8221;black&#8221; border_width=&#8221;3&#8243; css=&#8221;.vc_custom_1696399670884{padding-top: 10px !important;}&#8221;][vc_raw_html]JTVCdGFibGUlMjBpZCUzRGZlc3RlcyUyMCUyRiU1RA==[\/vc_raw_html][\/vc_column][\/vc_row][\/vc_section][vc_section el_id=&#8221;festes&#8221;][vc_row row_content_width=&#8221;grid&#8221;][vc_column][vc_separator color=&#8221;black&#8221; border_width=&#8221;3&#8243; css=&#8221;.vc_custom_1696404030803{padding-top: 10px !important;padding-bottom: 10px !important;}&#8221;][vc_separator color=&#8221;black&#8221; border_width=&#8221;3&#8243; [&hellip;]<\/p>\n","protected":false},"author":1,"featured_media":0,"parent":0,"menu_order":0,"comment_status":"closed","ping_status":"closed","template":"full-width.php","meta":{"_seopress_robots_primary_cat":"","_seopress_titles_title":"HairCode - Szenved\u00e9ly\u00fcnk a haj - FOGLALJ online id\u0151pontot!","_seopress_titles_desc":"\u00c1lland\u00f3 akci\u00f3nk 4+1 K18 Hajszerkezet \u00fajra\u00e9p\u00edt\u00e9s! R\u00e9szletek\u00e9rt \u00e9s tov\u00e1bbi inform\u00e1ci\u00f3k\u00e9rt a K18-r\u00f3l kattints az oldalunkra!","_seopress_robots_index":"","_seopress_analysis_target_kw":"","_themeisle_gutenberg_block_has_review":false,"footnotes":""},"class_list":["post-5228","page","type-page","status-publish","hentry"],"_links":{"self":[{"href":"https:\/\/www.haircode.eu\/en\/wp-json\/wp\/v2\/pages\/5228","targetHints":{"allow":["GET"]}}],"collection":[{"href":"https:\/\/www.haircode.eu\/en\/wp-json\/wp\/v2\/pages"}],"about":[{"href":"https:\/\/www.haircode.eu\/en\/wp-json\/wp\/v2\/types\/page"}],"author":[{"embeddable":true,"href":"https:\/\/www.haircode.eu\/en\/wp-json\/wp\/v2\/users\/1"}],"replies":[{"embeddable":true,"href":"https:\/\/www.haircode.eu\/en\/wp-json\/wp\/v2\/comments?post=5228"}],"version-history":[{"count":9,"href":"https:\/\/www.haircode.eu\/en\/wp-json\/wp\/v2\/pages\/5228\/revisions"}],"predecessor-version":[{"id":7317,"href":"https:\/\/www.haircode.eu\/en\/wp-json\/wp\/v2\/pages\/5228\/revisions\/7317"}],"wp:attachment":[{"href":"https:\/\/www.haircode.eu\/en\/wp-json\/wp\/v2\/media?parent=5228"}],"curies":[{"name":"wp","href":"https:\/\/api.w.org\/{rel}","templated":true}]}}