{"id":5201,"date":"2018-04-04T08:51:11","date_gmt":"2018-04-04T06:51:11","guid":{"rendered":"https:\/\/www.haircode.eu\/home\/"},"modified":"2024-02-06T09:52:11","modified_gmt":"2024-02-06T08:52:11","slug":"hair-salon","status":"publish","type":"page","link":"https:\/\/www.haircode.eu\/en\/","title":{"rendered":"Home"},"content":{"rendered":"<p>[vc_row][vc_column][rev_slider_vc alias=&#8221;hair-salon&#8221; enable_paspartu=&#8221;no&#8221;][\/vc_column][\/vc_row][vc_row row_content_width=&#8221;grid&#8221; content_text_aligment=&#8221;center&#8221; css=&#8221;.vc_custom_1524133282740{padding-top: 54px !important;padding-bottom: 170px !important;}&#8221; simple_background_color=&#8221;#282828&#8243;][vc_column offset=&#8221;vc_col-lg-offset-2 vc_col-lg-8&#8243;]<div class=\"mkdf-info-section  mkdf-light mkdf-center\">\n\n            <var class=\"mkdf-is-background-text\" style=\"font-size:225px\" id=\"mkdf-is-background-text-137\" >\n        Szenved\u00e9ly\u00fcnk a haj        <\/var>\n    \n    <div class=\"mkdf-is-inner\" style=\"padding-top:112.5px;width:100%\">\n\n                    <h5 class=\"mkdf-is-subtitle\">\n            budapest \u2022 since 2008            <\/h5>\n        \n                    <h1 class=\"mkdf-is-title\">\n            T\u00f6rt\u00e9net\u00fcnk            <\/h1>\n        \n                    <h6 class=\"mkdf-is-text\">\n            A HAIRCODE st\u00fadi\u00f3t 2008-ban nyitottuk meg, a belv\u00e1ros sz\u00edv\u00e9ben, ezzel r\u00e9g\u00f3ta tervezgetett \u00e1lmunk val\u00f3sult meg. Kreativit\u00e1sunk helysz\u00edne nyit\u00e1sunk \u00f3ta a letisztults\u00e1got, modern k\u00f6rnyezetet ny\u00fajta vend\u00e9geinknek.            <\/h6>\n        \n                    <div class=\"mkdf-is-button\" style=\"margin-top:-8px\">\n                <a itemprop=\"url\" href=\"\/rolunk\" target=\"_self\" style=\"color: #ffffff;border-color: #ffffff\" class=\"mkdf-btn mkdf-btn-medium mkdf-btn-outline\"  >    <span class=\"mkdf-btn-text\">Tov\u00e1bb<\/span>    <\/a>            <\/div>\n        \n    <\/div>\n<\/div>[\/vc_column][\/vc_row][vc_row row_content_width=&#8221;grid&#8221; simple_background_color=&#8221;#f7f8f9&#8243; css=&#8221;.vc_custom_1523953908602{padding-top: 109px !important;padding-bottom: 101px !important;}&#8221;][vc_column]<div class=\"mkdf-elements-holder   mkdf-three-columns  mkdf-responsive-mode-768 \" ><div class=\"mkdf-eh-item    \"  data-item-class=\"mkdf-eh-custom-6746\" data-1024-1366=\"0px 23px\" data-768-1024=\"0px 7px\" data-680-768=\"0px 140px\" data-680=\"0px 14px\">\n    <div class=\"mkdf-eh-item-inner\">\n        <div class=\"mkdf-eh-item-content mkdf-eh-custom-6746\" style=\"padding: 0px 56px\">\n            <div class=\"mkdf-iwt clearfix  mkdf-iwt-icon-top mkdf-iwt-icon-medium\">\n    <div class=\"mkdf-iwt-icon\">\n                <a itemprop=\"url\" href=\"\/arlista#hajvagas\" target=\"_self\">\n                                        <img decoding=\"async\" width=\"110\" height=\"90\" data-src=\"https:\/\/www.haircode.eu\/wp-content\/uploads\/2018\/04\/h2-custom-icon-img-3.png\" class=\"attachment-full size-full lazyload\" alt=\"i\" src=\"data:image\/svg+xml;base64,PHN2ZyB3aWR0aD0iMSIgaGVpZ2h0PSIxIiB4bWxucz0iaHR0cDovL3d3dy53My5vcmcvMjAwMC9zdmciPjwvc3ZnPg==\" style=\"--smush-placeholder-width: 110px; --smush-placeholder-aspect-ratio: 110\/90;\" \/>                                <\/a>\n        <\/div>\n    <div class=\"mkdf-iwt-content\" >\n                <h4 class=\"mkdf-iwt-title\" >\n                <a itemprop=\"url\" href=\"\/arlista#hajvagas\" target=\"_self\">\n                        <span class=\"mkdf-iwt-title-text\">Haircut<\/span>\n                    <\/a>\n        <\/h4>\n        <\/div>\n<\/div>        <\/div>\n    <\/div>\n<\/div><div class=\"mkdf-eh-item    \"  data-item-class=\"mkdf-eh-custom-8961\" data-1024-1366=\"0px 23px\" data-768-1024=\"0px 7px\" data-680-768=\"0px 140px\" data-680=\"0px 14px\">\n    <div class=\"mkdf-eh-item-inner\">\n        <div class=\"mkdf-eh-item-content mkdf-eh-custom-8961\" style=\"padding: 0px 56px\">\n            <div class=\"mkdf-iwt clearfix  mkdf-iwt-icon-top mkdf-iwt-icon-medium\">\n    <div class=\"mkdf-iwt-icon\">\n                <a itemprop=\"url\" href=\"\/arlista#szaritas\" target=\"_self\">\n                                        <img decoding=\"async\" width=\"110\" height=\"90\" data-src=\"https:\/\/www.haircode.eu\/wp-content\/uploads\/2022\/09\/szaritas.png\" class=\"attachment-full size-full lazyload\" alt=\"\" src=\"data:image\/svg+xml;base64,PHN2ZyB3aWR0aD0iMSIgaGVpZ2h0PSIxIiB4bWxucz0iaHR0cDovL3d3dy53My5vcmcvMjAwMC9zdmciPjwvc3ZnPg==\" style=\"--smush-placeholder-width: 110px; --smush-placeholder-aspect-ratio: 110\/90;\" \/>                                <\/a>\n        <\/div>\n    <div class=\"mkdf-iwt-content\" >\n                <h4 class=\"mkdf-iwt-title\" >\n                <a itemprop=\"url\" href=\"\/arlista#szaritas\" target=\"_self\">\n                        <span class=\"mkdf-iwt-title-text\">Hair drying<\/span>\n                    <\/a>\n        <\/h4>\n        <\/div>\n<\/div>        <\/div>\n    <\/div>\n<\/div><div class=\"mkdf-eh-item    \"  data-item-class=\"mkdf-eh-custom-8162\" data-1024-1366=\"0px 23px\" data-768-1024=\"0px 7px\" data-680-768=\"0px 140px 55px\" data-680=\"0px 14px 55px\">\n    <div class=\"mkdf-eh-item-inner\">\n        <div class=\"mkdf-eh-item-content mkdf-eh-custom-8162\" style=\"padding: 0px 56px\">\n            <div class=\"mkdf-iwt clearfix  mkdf-iwt-icon-top mkdf-iwt-icon-medium\">\n    <div class=\"mkdf-iwt-icon\">\n                <a itemprop=\"url\" href=\"\/arlista#festes\" target=\"_self\">\n                                        <img decoding=\"async\" width=\"110\" height=\"90\" data-src=\"https:\/\/www.haircode.eu\/wp-content\/uploads\/2018\/04\/h2-custom-icon-img-1.png\" class=\"attachment-full size-full lazyload\" alt=\"i\" src=\"data:image\/svg+xml;base64,PHN2ZyB3aWR0aD0iMSIgaGVpZ2h0PSIxIiB4bWxucz0iaHR0cDovL3d3dy53My5vcmcvMjAwMC9zdmciPjwvc3ZnPg==\" style=\"--smush-placeholder-width: 110px; --smush-placeholder-aspect-ratio: 110\/90;\" \/>                                <\/a>\n        <\/div>\n    <div class=\"mkdf-iwt-content\" >\n                <h4 class=\"mkdf-iwt-title\" >\n                <a itemprop=\"url\" href=\"\/arlista#festes\" target=\"_self\">\n                        <span class=\"mkdf-iwt-title-text\">Hair coloring<\/span>\n                    <\/a>\n        <\/h4>\n        <\/div>\n<\/div>        <\/div>\n    <\/div>\n<\/div><div class=\"mkdf-eh-item    \"  data-item-class=\"mkdf-eh-custom-8655\" data-1024-1366=\"0px 23px\" data-768-1024=\"0px 7px\" data-680-768=\"0px 140px 55px\" data-680=\"0px 14px 55px\">\n    <div class=\"mkdf-eh-item-inner\">\n        <div class=\"mkdf-eh-item-content mkdf-eh-custom-8655\" style=\"padding: 0px 56px\">\n            <div class=\"mkdf-iwt clearfix  mkdf-iwt-icon-top mkdf-iwt-icon-medium\">\n    <div class=\"mkdf-iwt-icon\">\n                <a itemprop=\"url\" href=\"\/arlista#fonas\" target=\"_self\">\n                                        <img decoding=\"async\" width=\"110\" height=\"90\" data-src=\"https:\/\/www.haircode.eu\/wp-content\/uploads\/2022\/09\/braid2.png\" class=\"attachment-full size-full lazyload\" alt=\"\" src=\"data:image\/svg+xml;base64,PHN2ZyB3aWR0aD0iMSIgaGVpZ2h0PSIxIiB4bWxucz0iaHR0cDovL3d3dy53My5vcmcvMjAwMC9zdmciPjwvc3ZnPg==\" style=\"--smush-placeholder-width: 110px; --smush-placeholder-aspect-ratio: 110\/90;\" \/>                                <\/a>\n        <\/div>\n    <div class=\"mkdf-iwt-content\" >\n                <h4 class=\"mkdf-iwt-title\" >\n                <a itemprop=\"url\" href=\"\/arlista#fonas\" target=\"_self\">\n                        <span class=\"mkdf-iwt-title-text\">Braiding<\/span>\n                    <\/a>\n        <\/h4>\n        <\/div>\n<\/div>        <\/div>\n    <\/div>\n<\/div><div class=\"mkdf-eh-item    \"  data-item-class=\"mkdf-eh-custom-3837\" data-1024-1366=\"0px 23px\" data-768-1024=\"0px 7px\" data-680-768=\"0px 140px 55px\" data-680=\"0px 14px 55px\">\n    <div class=\"mkdf-eh-item-inner\">\n        <div class=\"mkdf-eh-item-content mkdf-eh-custom-3837\" style=\"padding: 0px 56px\">\n            <div class=\"mkdf-iwt clearfix  mkdf-iwt-icon-top mkdf-iwt-icon-medium\">\n    <div class=\"mkdf-iwt-icon\">\n                <a itemprop=\"url\" href=\"\/arlista#barber\" target=\"_self\">\n                                        <img decoding=\"async\" width=\"110\" height=\"90\" data-src=\"https:\/\/www.haircode.eu\/wp-content\/uploads\/2022\/09\/barber.png\" class=\"attachment-full size-full lazyload\" alt=\"\" src=\"data:image\/svg+xml;base64,PHN2ZyB3aWR0aD0iMSIgaGVpZ2h0PSIxIiB4bWxucz0iaHR0cDovL3d3dy53My5vcmcvMjAwMC9zdmciPjwvc3ZnPg==\" style=\"--smush-placeholder-width: 110px; --smush-placeholder-aspect-ratio: 110\/90;\" \/>                                <\/a>\n        <\/div>\n    <div class=\"mkdf-iwt-content\" >\n                <h4 class=\"mkdf-iwt-title\" >\n                <a itemprop=\"url\" href=\"\/arlista#barber\" target=\"_self\">\n                        <span class=\"mkdf-iwt-title-text\">Barber<\/span>\n                    <\/a>\n        <\/h4>\n        <\/div>\n<\/div>        <\/div>\n    <\/div>\n<\/div><\/div>[\/vc_column][\/vc_row][vc_row row_content_width=&#8221;grid&#8221; simple_background_color=&#8221;#000000&#8243; css=&#8221;.vc_custom_1524735991918{padding-top: 196px !important;padding-bottom: 175px !important;}&#8221;][vc_column]<div class=\"mkdf-elements-holder   mkdf-two-columns  mkdf-responsive-mode-1024 \" ><div class=\"mkdf-eh-item  mkdf-vertical-alignment-top  \"  data-item-class=\"mkdf-eh-custom-6135\" data-768-1024=\"0px 85px 58px\" data-680-768=\"0px 40px 58px\" data-680=\"0px 0px 58px\">\n    <div class=\"mkdf-eh-item-inner\">\n        <div class=\"mkdf-eh-item-content mkdf-eh-custom-6135\" style=\"padding: 0px 20px 0px 0px\">\n            [vc_column_text]<\/p>\n<h5><span style=\"color: #ffffff;\">budapest \u2022 since 2008<\/span><\/h5>\n<p>[\/vc_column_text][vc_empty_space height=&#8221;14px&#8221;][vc_column_text]<\/p>\n<h2><span style=\"color: #ffffff;\">Working hours<\/span><\/h2>\n<p>[\/vc_column_text][vc_empty_space height=&#8221;36px&#8221;]<div class=\"mkdf-wh-holder mkdf-wh-light\">\n    <div class=\"mkdf-wh-holder-inner\">\n\n        \n                    <ul class=\"mkdf-wh-items\">\n                                    <li class=\"mkdf-wh-item clearfix\">\n                        <h4 class=\"mkdf-wh-day\">\n                        Working Days                        <\/h4>\n                        <p class=\"mkdf-wh-hours\">\n                                                    <span class=\"mkdf-wh-from\">09:00<\/span>\n                                                                            <span class=\"mkdf-wh-delimiter\">-<\/span>\n                            <span class=\"mkdf-wh-to\">20:00<\/span>\n                                                <\/p>\n                    <\/li>\n                                    <li class=\"mkdf-wh-item clearfix\">\n                        <h4 class=\"mkdf-wh-day\">\n                        Saturday                        <\/h4>\n                        <p class=\"mkdf-wh-hours\">\n                                                    <span class=\"mkdf-wh-from\">09:00<\/span>\n                                                                            <span class=\"mkdf-wh-delimiter\">-<\/span>\n                            <span class=\"mkdf-wh-to\">18:00<\/span>\n                                                <\/p>\n                    <\/li>\n                                    <li class=\"mkdf-wh-item clearfix\">\n                        <h4 class=\"mkdf-wh-day\">\n                        Sunday                        <\/h4>\n                        <p class=\"mkdf-wh-hours\">\n                                                    <span class=\"mkdf-wh-from\">Z\u00e1rva<\/span>\n                                                                        <\/p>\n                    <\/li>\n                            <\/ul>\n        \n    <\/div>\n<\/div>[vc_empty_space height=&#8221;28px&#8221;]<div class=\"mkdf-icon-list-holder \" >\n    <div class=\"mkdf-il-icon-holder\">\n        <i class=\"mkdf-icon-font-awesome fa fa-asterisk \" style=\"color: #ffffff;font-size: 12px\"><\/i>    <\/div>\n    <p class=\"mkdf-il-text\" style=\"color: #ffffff;font-size: 16px\">A v\u00e1ltoztat\u00e1s jog\u00e1t fenntartjuk!<\/p>\n<\/div>        <\/div>\n    <\/div>\n<\/div><div class=\"mkdf-eh-item    \"  data-item-class=\"mkdf-eh-custom-8008\" data-1366-1600=\"3px 115px 0px 120px\" data-1024-1366=\"3px 60px 0px 85px\" data-768-1024=\"0px 85px\" data-680-768=\"0px 40px\" data-680=\"0px\">\n    <div class=\"mkdf-eh-item-inner\">\n        <div class=\"mkdf-eh-item-content mkdf-eh-custom-8008\" style=\"padding: 4px 115px 0px 120px\">\n            <a itemprop=\"url\" href=\"\/foglalas\" target=\"_self\" style=\"color: #0a0a0a;background-color: #ffffff;border-color: #0a0a0a;font-weight: 700;text-transform: capitalize\" class=\"mkdf-btn mkdf-btn-medium mkdf-btn-solid mkdf-btn-custom-hover-bg mkdf-btn-custom-border-hover mkdf-btn-custom-hover-color\" data-hover-color=\"#ffffff\" data-hover-bg-color=\"#0a0a0a\" data-hover-border-color=\"#ffffff\" >\n    <span class=\"mkdf-btn-text\">ID\u0150PONT FOGLAL\u00c1S<\/span>\n    <\/a>        <\/div>\n    <\/div>\n<\/div><\/div>[\/vc_column][\/vc_row][vc_row content_placement=&#8221;middle&#8221; row_content_width=&#8221;grid&#8221; simple_background_color=&#8221;#f7f8f9&#8243;][vc_column width=&#8221;1\/2&#8243; offset=&#8221;vc_col-lg-6 vc_col-md-5 vc_hidden-sm vc_hidden-xs&#8221;]<div class=\"mkdf-single-image-holder   \">\n    <div class=\"mkdf-si-inner\" >\n                                            <img decoding=\"async\" width=\"1280\" height=\"1280\" data-src=\"https:\/\/www.haircode.eu\/wp-content\/uploads\/2022\/09\/IMG_9177.jpg\" class=\"attachment-full size-full lazyload\" alt=\"\" data-srcset=\"https:\/\/www.haircode.eu\/wp-content\/uploads\/2022\/09\/IMG_9177.jpg 1280w, https:\/\/www.haircode.eu\/wp-content\/uploads\/2022\/09\/IMG_9177-300x300.jpg 300w, https:\/\/www.haircode.eu\/wp-content\/uploads\/2022\/09\/IMG_9177-1024x1024.jpg 1024w, https:\/\/www.haircode.eu\/wp-content\/uploads\/2022\/09\/IMG_9177-150x150.jpg 150w, https:\/\/www.haircode.eu\/wp-content\/uploads\/2022\/09\/IMG_9177-768x768.jpg 768w, https:\/\/www.haircode.eu\/wp-content\/uploads\/2022\/09\/IMG_9177-550x550.jpg 550w, https:\/\/www.haircode.eu\/wp-content\/uploads\/2022\/09\/IMG_9177-1100x1100.jpg 1100w, https:\/\/www.haircode.eu\/wp-content\/uploads\/2022\/09\/IMG_9177-650x650.jpg 650w, https:\/\/www.haircode.eu\/wp-content\/uploads\/2022\/09\/IMG_9177-600x600.jpg 600w, https:\/\/www.haircode.eu\/wp-content\/uploads\/2022\/09\/IMG_9177-100x100.jpg 100w\" data-sizes=\"(max-width: 1280px) 100vw, 1280px\" src=\"data:image\/svg+xml;base64,PHN2ZyB3aWR0aD0iMSIgaGVpZ2h0PSIxIiB4bWxucz0iaHR0cDovL3d3dy53My5vcmcvMjAwMC9zdmciPjwvc3ZnPg==\" style=\"--smush-placeholder-width: 1280px; --smush-placeholder-aspect-ratio: 1280\/1280;\" \/>                                    <\/div>\n<\/div>[\/vc_column][vc_column offset=&#8221;vc_col-lg-6 vc_col-md-7&#8243;]<div class=\"mkdf-elements-holder   mkdf-one-column  mkdf-responsive-mode-768 \" ><div class=\"mkdf-eh-item    \"  data-item-class=\"mkdf-eh-custom-4442\" data-1366-1600=\"65px 60px 175px 90px\" data-1024-1366=\"65px 0px 175px 85px\" data-768-1024=\"54px 0px 163px\" data-680-768=\"54px 50px 163px\" data-680=\"54px 0px 163px\">\n    <div class=\"mkdf-eh-item-inner\">\n        <div class=\"mkdf-eh-item-content mkdf-eh-custom-4442\" style=\"padding: 215px 0px 325px 85px\">\n            <div class=\"mkdf-info-section  mkdf-dark mkdf-center\">\n\n            <var class=\"mkdf-is-background-text\" style=\"font-size:225px\" id=\"mkdf-is-background-text-475\" >\n        K18        <\/var>\n    \n    <div class=\"mkdf-is-inner\" style=\"padding-top:112.5px;width:100%\">\n\n                    <h5 class=\"mkdf-is-subtitle\">\n            budapest \u2022 since 2008            <\/h5>\n        \n                    <h3 class=\"mkdf-is-title\">\n            K18 hair structure repair \/ repair treatment            <\/h3>\n        \n                    <p class=\"mkdf-is-text\">\n            Unique 1-step hair treatment for salon or home use.            <\/p>\n        \n                    <div class=\"mkdf-is-button\" style=\"margin-top:-16px\">\n                <a itemprop=\"url\" href=\"\/k18\" target=\"_self\"  class=\"mkdf-btn mkdf-btn-medium mkdf-btn-simple\"  >    <span class=\"mkdf-btn-text\">Tov\u00e1bb<\/span>    <\/a>            <\/div>\n        \n    <\/div>\n<\/div>        <\/div>\n    <\/div>\n<\/div><\/div>[\/vc_column][\/vc_row][vc_row disable_element=&#8221;yes&#8221;][vc_column]<div class=\"mkdf-google-map-holder\">\n    <div class=\"mkdf-google-map\" id=\"mkdf-map-1248845\" data-addresses='[\"Budapest, R\u00e9vay u. 1, 1065\"]' data-custom-map-style=no data-color-overlay=#393939 data-saturation=-100 data-lightness=-60 data-zoom=12 data-pin=https:\/\/www.haircode.eu\/wp-content\/uploads\/2018\/04\/h1-map-pin.png data-unique-id=1248845 data-scroll-wheel=no data-height=600 data-snazzy-map-style=yes><\/div>\n    \t\t        <input type=\"hidden\" class=\"mkdf-snazzy-map\" value=\"`{` { ``elementType``: ``geometry``, ``stylers``: `{` { ``color``: ``#f5f5f5`` } `}` }, { ``elementType``: ``labels.icon``, ``stylers``: `{` { ``visibility``: ``off`` } `}` }, { ``elementType``: ``labels.text.fill``, ``stylers``: `{` { ``color``: ``#616161`` } `}` }, { ``elementType``: ``labels.text.stroke``, ``stylers``: `{` { ``color``: ``#f5f5f5`` } `}` }, { ``featureType``: ``administrative.land_parcel``, ``elementType``: ``labels.text.fill``, ``stylers``: `{` { ``color``: ``#bdbdbd`` } `}` }, { ``featureType``: ``poi``, ``elementType``: ``geometry``, ``stylers``: `{` { ``color``: ``#eeeeee`` } `}` }, { ``featureType``: ``poi``, ``elementType``: ``labels.text.fill``, ``stylers``: `{` { ``color``: ``#757575`` } `}` }, { ``featureType``: ``poi.park``, ``elementType``: ``geometry``, ``stylers``: `{` { ``color``: ``#e5e5e5`` } `}` }, { ``featureType``: ``poi.park``, ``elementType``: ``labels.text.fill``, ``stylers``: `{` { ``color``: ``#9e9e9e`` } `}` }, { ``featureType``: ``road``, ``elementType``: ``geometry``, ``stylers``: `{` { ``color``: ``#ffffff`` } `}` }, { ``featureType``: ``road.arterial``, ``elementType``: ``labels.text.fill``, ``stylers``: `{` { ``color``: ``#757575`` } `}` }, { ``featureType``: ``road.highway``, ``elementType``: ``geometry``, ``stylers``: `{` { ``color``: ``#dadada`` } `}` }, { ``featureType``: ``road.highway``, ``elementType``: ``labels.text.fill``, ``stylers``: `{` { ``color``: ``#616161`` } `}` }, { ``featureType``: ``road.local``, ``elementType``: ``labels.text.fill``, ``stylers``: `{` { ``color``: ``#9e9e9e`` } `}` }, { ``featureType``: ``transit.line``, ``elementType``: ``geometry``, ``stylers``: `{` { ``color``: ``#e5e5e5`` } `}` }, { ``featureType``: ``transit.station``, ``elementType``: ``geometry``, ``stylers``: `{` { ``color``: ``#eeeeee`` } `}` }, { ``featureType``: ``water``, ``elementType``: ``geometry``, ``stylers``: `{` { ``color``: ``#c9c9c9`` } `}` }, { ``featureType``: ``water``, ``elementType``: ``labels.text.fill``, ``stylers``: `{` { ``color``: ``#9e9e9e`` } `}` } `}`\"\/>\n                <div class=\"mkdf-google-map-overlay\"><\/div>\n    <\/div>\n[\/vc_column][\/vc_row][vc_row][vc_column][vc_column_text]&lt;<iframe style=\"border: 0;\" data-src=\"https:\/\/www.google.com\/maps\/embed?pb=!1m18!1m12!1m3!1d2695.4522413169575!2d19.05322751562678!3d47.500583279177796!2m3!1f0!2f0!3f0!3m2!1i1024!2i768!4f13.1!3m3!1m2!1s0x4741dc6afb05140f%3A0x6ef42815e532aa98!2sBudapest%2C%20R%C3%A9vay%20u.%201%2C%201065!5e0!3m2!1shu!2shu!4v1663132517912!5m2!1shu!2shu\" width=\"100%\" height=\"600\" allowfullscreen=\"allowfullscreen\" src=\"data:image\/svg+xml;base64,PHN2ZyB3aWR0aD0iMSIgaGVpZ2h0PSIxIiB4bWxucz0iaHR0cDovL3d3dy53My5vcmcvMjAwMC9zdmciPjwvc3ZnPg==\" class=\"lazyload\" data-load-mode=\"1\"><\/iframe>[\/vc_column_text][\/vc_column][\/vc_row][vc_row][vc_column][vc_widget_sidebar sidebar_id=&#8221;instagram-widget-area&#8221;][\/vc_column][\/vc_row]<\/p>\n","protected":false},"excerpt":{"rendered":"<p>[vc_row][vc_column][rev_slider_vc alias=&#8221;hair-salon&#8221; enable_paspartu=&#8221;no&#8221;][\/vc_column][\/vc_row][vc_row row_content_width=&#8221;grid&#8221; content_text_aligment=&#8221;center&#8221; css=&#8221;.vc_custom_1524133282740{padding-top: 54px !important;padding-bottom: 170px !important;}&#8221; simple_background_color=&#8221;#282828&#8243;][vc_column offset=&#8221;vc_col-lg-offset-2 vc_col-lg-8&#8243;][\/vc_column][\/vc_row][vc_row row_content_width=&#8221;grid&#8221; simple_background_color=&#8221;#f7f8f9&#8243; css=&#8221;.vc_custom_1523953908602{padding-top: 109px !important;padding-bottom: 101px !important;}&#8221;][vc_column][\/vc_column][\/vc_row][vc_row row_content_width=&#8221;grid&#8221; simple_background_color=&#8221;#000000&#8243; css=&#8221;.vc_custom_1524735991918{padding-top: 196px !important;padding-bottom: 175px !important;}&#8221;][vc_column][\/vc_column][\/vc_row][vc_row content_placement=&#8221;middle&#8221; row_content_width=&#8221;grid&#8221; simple_background_color=&#8221;#f7f8f9&#8243;][vc_column width=&#8221;1\/2&#8243; offset=&#8221;vc_col-lg-6 vc_col-md-5 vc_hidden-sm vc_hidden-xs&#8221;][\/vc_column][vc_column offset=&#8221;vc_col-lg-6 vc_col-md-7&#8243;][\/vc_column][\/vc_row][vc_row disable_element=&#8221;yes&#8221;][vc_column][\/vc_column][\/vc_row][vc_row][vc_column][vc_column_text]&lt;[\/vc_column_text][\/vc_column][\/vc_row][vc_row][vc_column][vc_widget_sidebar sidebar_id=&#8221;instagram-widget-area&#8221;][\/vc_column][\/vc_row]<\/p>\n","protected":false},"author":1,"featured_media":0,"parent":0,"menu_order":0,"comment_status":"closed","ping_status":"closed","template":"full-width.php","meta":{"_seopress_robots_primary_cat":"","_seopress_titles_title":"HairCode - Hair is our passion - BOOK an appointment online!","_seopress_titles_desc":"At our downtown hair salon, we are dedicated to the satisfaction of our guests. We offer professional personalised services to our guests. ","_seopress_robots_index":"","_seopress_analysis_target_kw":"","_themeisle_gutenberg_block_has_review":false,"footnotes":""},"class_list":["post-5201","page","type-page","status-publish","hentry"],"_links":{"self":[{"href":"https:\/\/www.haircode.eu\/en\/wp-json\/wp\/v2\/pages\/5201","targetHints":{"allow":["GET"]}}],"collection":[{"href":"https:\/\/www.haircode.eu\/en\/wp-json\/wp\/v2\/pages"}],"about":[{"href":"https:\/\/www.haircode.eu\/en\/wp-json\/wp\/v2\/types\/page"}],"author":[{"embeddable":true,"href":"https:\/\/www.haircode.eu\/en\/wp-json\/wp\/v2\/users\/1"}],"replies":[{"embeddable":true,"href":"https:\/\/www.haircode.eu\/en\/wp-json\/wp\/v2\/comments?post=5201"}],"version-history":[{"count":23,"href":"https:\/\/www.haircode.eu\/en\/wp-json\/wp\/v2\/pages\/5201\/revisions"}],"predecessor-version":[{"id":8118,"href":"https:\/\/www.haircode.eu\/en\/wp-json\/wp\/v2\/pages\/5201\/revisions\/8118"}],"wp:attachment":[{"href":"https:\/\/www.haircode.eu\/en\/wp-json\/wp\/v2\/media?parent=5201"}],"curies":[{"name":"wp","href":"https:\/\/api.w.org\/{rel}","templated":true}]}}